{"id":20320,"date":"2019-02-27T14:39:21","date_gmt":"2019-05-02T13:09:59","guid":{"rendered":"https:\/\/caterna.de\/?post_type=product&#038;p=20320"},"modified":"2024-12-04T11:39:07","modified_gmt":"2024-12-04T10:39:08","slug":"terapii-caterna","status":"publish","type":"product","link":"https:\/\/caterna.de\/pl\/produkt\/terapii-caterna\/","title":{"rendered":"Terapii Caterna"},"content":{"rendered":"","protected":false},"excerpt":{"rendered":"<p>Terapia Caterna to innowacyjna terapia internetowa dla dzieci z niedowidzeniem, ambliopi\u0105.<\/p>\n<div style=\"text-align: justify;\">Specjalny, ustalany indywidualnie dla ka\u017cdego pacjenta wz\u00f3r w tle ekranu pobudza m\u00f3zg do aktywowania s\u0142abszego oka. To powoduje popraw\u0119 ostro\u015bci widzenia. Terapia Caterna trwa 90 dni. \u0106wiczy\u0107 nale\u017cy codziennie od 30 &#8211; 45 minut. Weso\u0142e gry wideo s\u0105 odtwarzane na domowym komputerze. Dziecko, w zale\u017cno\u015bci od wieku, mo\u017ce wybiera\u0107 spo\u015br\u00f3d 9 gier o ro\u017cnym poziomie trudno\u015bci. Podczas \u0107wicze\u0144, oko mocniejsze musi by\u0107 zaklejone.<\/div>\n[fusion_checklist icon=\"ok\" iconcolor=\"#aaaaaa\" circle=\"no\"]<\/p>\n<ul>\n<li>90-dniowa terapia online<\/li>\n<li>Wyr\u00f3b medyczny<\/li>\n<li>Graj\u0105c leczymy niedowidzenie<\/li>\n<\/ul>\n<p>[\/fusion_checklist]\n","protected":false},"featured_media":20321,"comment_status":"closed","ping_status":"closed","template":"","meta":[],"product_brand":[],"product_cat":[124],"product_tag":[],"class_list":{"0":"post-20320","1":"product","2":"type-product","3":"status-publish","4":"has-post-thumbnail","6":"product_cat-online-vision-therapy-pl","8":"first","9":"instock","10":"virtual","11":"sold-individually","12":"taxable","13":"purchasable","14":"product-type-simple"},"yoast_head":"<!-- This site is optimized with the Yoast SEO plugin v27.3 - https:\/\/yoast.com\/product\/yoast-seo-wordpress\/ -->\n<title>Terapii Caterna - Caterna Vision<\/title>\n<meta name=\"robots\" content=\"index, follow, max-snippet:-1, max-image-preview:large, max-video-preview:-1\" \/>\n<link rel=\"canonical\" href=\"https:\/\/caterna.de\/pl\/produkt\/terapii-caterna\/\" \/>\n<meta property=\"og:locale\" content=\"pl_PL\" \/>\n<meta property=\"og:type\" content=\"article\" \/>\n<meta property=\"og:title\" content=\"Terapii Caterna - Caterna Vision\" \/>\n<meta property=\"og:description\" content=\"Terapia Caterna to innowacyjna terapia internetowa dla dzieci z niedowidzeniem, ambliopi\u0105. Specjalny, ustalany indywidualnie dla ka\u017cdego pacjenta wz\u00f3r w tle ekranu pobudza m\u00f3zg do aktywowania s\u0142abszego oka. To powoduje popraw\u0119 ostro\u015bci widzenia. Terapia Caterna trwa 90 dni. \u0106wiczy\u0107 nale\u017cy codziennie od 30 - 45 minut. Weso\u0142e gry wideo s\u0105 odtwarzane na domowym komputerze. Dziecko, w zale\u017cno\u015bci od wieku, mo\u017ce wybiera\u0107 spo\u015br\u00f3d 9 gier o ro\u017cnym poziomie trudno\u015bci. Podczas \u0107wicze\u0144, oko mocniejsze musi by\u0107 zaklejone.\" \/>\n<meta property=\"og:url\" content=\"https:\/\/caterna.de\/pl\/produkt\/terapii-caterna\/\" \/>\n<meta property=\"og:site_name\" content=\"Caterna Vision\" \/>\n<meta property=\"article:publisher\" content=\"https:\/\/www.facebook.com\/Caterna.Vision\/\" \/>\n<meta property=\"article:modified_time\" content=\"2024-12-04T10:39:08+00:00\" \/>\n<meta property=\"og:image\" content=\"https:\/\/caterna.de\/wp-content\/uploads\/2019\/03\/blondes-M\u00e4dchen-am-PC-ohne-SChatten.png\" \/>\n\t<meta property=\"og:image:width\" content=\"1155\" \/>\n\t<meta property=\"og:image:height\" content=\"1020\" \/>\n\t<meta property=\"og:image:type\" content=\"image\/png\" \/>\n<meta name=\"twitter:card\" content=\"summary_large_image\" \/>\n<meta name=\"twitter:site\" content=\"@caternavision\" \/>\n<script type=\"application\/ld+json\" class=\"yoast-schema-graph\">{\"@context\":\"https:\\\/\\\/schema.org\",\"@graph\":[{\"@type\":\"WebPage\",\"@id\":\"https:\\\/\\\/caterna.de\\\/pl\\\/produkt\\\/terapii-caterna\\\/\",\"url\":\"https:\\\/\\\/caterna.de\\\/pl\\\/produkt\\\/terapii-caterna\\\/\",\"name\":\"Terapii Caterna - Caterna Vision\",\"isPartOf\":{\"@id\":\"https:\\\/\\\/caterna.de\\\/#website\"},\"primaryImageOfPage\":{\"@id\":\"https:\\\/\\\/caterna.de\\\/pl\\\/produkt\\\/terapii-caterna\\\/#primaryimage\"},\"image\":{\"@id\":\"https:\\\/\\\/caterna.de\\\/pl\\\/produkt\\\/terapii-caterna\\\/#primaryimage\"},\"thumbnailUrl\":\"https:\\\/\\\/caterna.de\\\/wp-content\\\/uploads\\\/2019\\\/03\\\/blondes-M\u00e4dchen-am-PC-ohne-SChatten.png\",\"datePublished\":\"2019-05-02T13:09:59+00:00\",\"dateModified\":\"2024-12-04T10:39:08+00:00\",\"breadcrumb\":{\"@id\":\"https:\\\/\\\/caterna.de\\\/pl\\\/produkt\\\/terapii-caterna\\\/#breadcrumb\"},\"inLanguage\":\"pl-PL\",\"potentialAction\":[{\"@type\":\"ReadAction\",\"target\":[\"https:\\\/\\\/caterna.de\\\/pl\\\/produkt\\\/terapii-caterna\\\/\"]}]},{\"@type\":\"ImageObject\",\"inLanguage\":\"pl-PL\",\"@id\":\"https:\\\/\\\/caterna.de\\\/pl\\\/produkt\\\/terapii-caterna\\\/#primaryimage\",\"url\":\"https:\\\/\\\/caterna.de\\\/wp-content\\\/uploads\\\/2019\\\/03\\\/blondes-M\u00e4dchen-am-PC-ohne-SChatten.png\",\"contentUrl\":\"https:\\\/\\\/caterna.de\\\/wp-content\\\/uploads\\\/2019\\\/03\\\/blondes-M\u00e4dchen-am-PC-ohne-SChatten.png\",\"width\":1155,\"height\":1020},{\"@type\":\"BreadcrumbList\",\"@id\":\"https:\\\/\\\/caterna.de\\\/pl\\\/produkt\\\/terapii-caterna\\\/#breadcrumb\",\"itemListElement\":[{\"@type\":\"ListItem\",\"position\":1,\"name\":\"Home\",\"item\":\"https:\\\/\\\/caterna.de\\\/pl\\\/\"},{\"@type\":\"ListItem\",\"position\":2,\"name\":\"Shop-Poland\",\"item\":\"https:\\\/\\\/caterna.de\\\/pl\\\/shop\\\/\"},{\"@type\":\"ListItem\",\"position\":3,\"name\":\"Terapii Caterna\"}]},{\"@type\":\"WebSite\",\"@id\":\"https:\\\/\\\/caterna.de\\\/#website\",\"url\":\"https:\\\/\\\/caterna.de\\\/\",\"name\":\"Caterna Vision\",\"description\":\"Die Online-Therapie f\u00fcr Amblyopie\",\"publisher\":{\"@id\":\"https:\\\/\\\/caterna.de\\\/#organization\"},\"potentialAction\":[{\"@type\":\"SearchAction\",\"target\":{\"@type\":\"EntryPoint\",\"urlTemplate\":\"https:\\\/\\\/caterna.de\\\/?s={search_term_string}\"},\"query-input\":{\"@type\":\"PropertyValueSpecification\",\"valueRequired\":true,\"valueName\":\"search_term_string\"}}],\"inLanguage\":\"pl-PL\"},{\"@type\":\"Organization\",\"@id\":\"https:\\\/\\\/caterna.de\\\/#organization\",\"name\":\"Caterna Vision\",\"url\":\"https:\\\/\\\/caterna.de\\\/\",\"logo\":{\"@type\":\"ImageObject\",\"inLanguage\":\"pl-PL\",\"@id\":\"https:\\\/\\\/caterna.de\\\/#\\\/schema\\\/logo\\\/image\\\/\",\"url\":\"https:\\\/\\\/caterna.de\\\/wp-content\\\/uploads\\\/2019\\\/02\\\/caterna_favicon.png\",\"contentUrl\":\"https:\\\/\\\/caterna.de\\\/wp-content\\\/uploads\\\/2019\\\/02\\\/caterna_favicon.png\",\"width\":50,\"height\":45,\"caption\":\"Caterna Vision\"},\"image\":{\"@id\":\"https:\\\/\\\/caterna.de\\\/#\\\/schema\\\/logo\\\/image\\\/\"},\"sameAs\":[\"https:\\\/\\\/www.facebook.com\\\/Caterna.Vision\\\/\",\"https:\\\/\\\/x.com\\\/caternavision\"]}]}<\/script>\n<!-- \/ Yoast SEO plugin. -->","yoast_head_json":{"title":"Terapii Caterna - Caterna Vision","robots":{"index":"index","follow":"follow","max-snippet":"max-snippet:-1","max-image-preview":"max-image-preview:large","max-video-preview":"max-video-preview:-1"},"canonical":"https:\/\/caterna.de\/pl\/produkt\/terapii-caterna\/","og_locale":"pl_PL","og_type":"article","og_title":"Terapii Caterna - Caterna Vision","og_description":"Terapia Caterna to innowacyjna terapia internetowa dla dzieci z niedowidzeniem, ambliopi\u0105. Specjalny, ustalany indywidualnie dla ka\u017cdego pacjenta wz\u00f3r w tle ekranu pobudza m\u00f3zg do aktywowania s\u0142abszego oka. To powoduje popraw\u0119 ostro\u015bci widzenia. Terapia Caterna trwa 90 dni. \u0106wiczy\u0107 nale\u017cy codziennie od 30 - 45 minut. Weso\u0142e gry wideo s\u0105 odtwarzane na domowym komputerze. Dziecko, w zale\u017cno\u015bci od wieku, mo\u017ce wybiera\u0107 spo\u015br\u00f3d 9 gier o ro\u017cnym poziomie trudno\u015bci. Podczas \u0107wicze\u0144, oko mocniejsze musi by\u0107 zaklejone.","og_url":"https:\/\/caterna.de\/pl\/produkt\/terapii-caterna\/","og_site_name":"Caterna Vision","article_publisher":"https:\/\/www.facebook.com\/Caterna.Vision\/","article_modified_time":"2024-12-04T10:39:08+00:00","og_image":[{"width":1155,"height":1020,"url":"https:\/\/caterna.de\/wp-content\/uploads\/2019\/03\/blondes-M\u00e4dchen-am-PC-ohne-SChatten.png","type":"image\/png"}],"twitter_card":"summary_large_image","twitter_site":"@caternavision","schema":{"@context":"https:\/\/schema.org","@graph":[{"@type":"WebPage","@id":"https:\/\/caterna.de\/pl\/produkt\/terapii-caterna\/","url":"https:\/\/caterna.de\/pl\/produkt\/terapii-caterna\/","name":"Terapii Caterna - Caterna Vision","isPartOf":{"@id":"https:\/\/caterna.de\/#website"},"primaryImageOfPage":{"@id":"https:\/\/caterna.de\/pl\/produkt\/terapii-caterna\/#primaryimage"},"image":{"@id":"https:\/\/caterna.de\/pl\/produkt\/terapii-caterna\/#primaryimage"},"thumbnailUrl":"https:\/\/caterna.de\/wp-content\/uploads\/2019\/03\/blondes-M\u00e4dchen-am-PC-ohne-SChatten.png","datePublished":"2019-05-02T13:09:59+00:00","dateModified":"2024-12-04T10:39:08+00:00","breadcrumb":{"@id":"https:\/\/caterna.de\/pl\/produkt\/terapii-caterna\/#breadcrumb"},"inLanguage":"pl-PL","potentialAction":[{"@type":"ReadAction","target":["https:\/\/caterna.de\/pl\/produkt\/terapii-caterna\/"]}]},{"@type":"ImageObject","inLanguage":"pl-PL","@id":"https:\/\/caterna.de\/pl\/produkt\/terapii-caterna\/#primaryimage","url":"https:\/\/caterna.de\/wp-content\/uploads\/2019\/03\/blondes-M\u00e4dchen-am-PC-ohne-SChatten.png","contentUrl":"https:\/\/caterna.de\/wp-content\/uploads\/2019\/03\/blondes-M\u00e4dchen-am-PC-ohne-SChatten.png","width":1155,"height":1020},{"@type":"BreadcrumbList","@id":"https:\/\/caterna.de\/pl\/produkt\/terapii-caterna\/#breadcrumb","itemListElement":[{"@type":"ListItem","position":1,"name":"Home","item":"https:\/\/caterna.de\/pl\/"},{"@type":"ListItem","position":2,"name":"Shop-Poland","item":"https:\/\/caterna.de\/pl\/shop\/"},{"@type":"ListItem","position":3,"name":"Terapii Caterna"}]},{"@type":"WebSite","@id":"https:\/\/caterna.de\/#website","url":"https:\/\/caterna.de\/","name":"Caterna Vision","description":"Die Online-Therapie f\u00fcr Amblyopie","publisher":{"@id":"https:\/\/caterna.de\/#organization"},"potentialAction":[{"@type":"SearchAction","target":{"@type":"EntryPoint","urlTemplate":"https:\/\/caterna.de\/?s={search_term_string}"},"query-input":{"@type":"PropertyValueSpecification","valueRequired":true,"valueName":"search_term_string"}}],"inLanguage":"pl-PL"},{"@type":"Organization","@id":"https:\/\/caterna.de\/#organization","name":"Caterna Vision","url":"https:\/\/caterna.de\/","logo":{"@type":"ImageObject","inLanguage":"pl-PL","@id":"https:\/\/caterna.de\/#\/schema\/logo\/image\/","url":"https:\/\/caterna.de\/wp-content\/uploads\/2019\/02\/caterna_favicon.png","contentUrl":"https:\/\/caterna.de\/wp-content\/uploads\/2019\/02\/caterna_favicon.png","width":50,"height":45,"caption":"Caterna Vision"},"image":{"@id":"https:\/\/caterna.de\/#\/schema\/logo\/image\/"},"sameAs":["https:\/\/www.facebook.com\/Caterna.Vision\/","https:\/\/x.com\/caternavision"]}]}},"_links":{"self":[{"href":"https:\/\/caterna.de\/pl\/wp-json\/wp\/v2\/product\/20320","targetHints":{"allow":["GET"]}}],"collection":[{"href":"https:\/\/caterna.de\/pl\/wp-json\/wp\/v2\/product"}],"about":[{"href":"https:\/\/caterna.de\/pl\/wp-json\/wp\/v2\/types\/product"}],"replies":[{"embeddable":true,"href":"https:\/\/caterna.de\/pl\/wp-json\/wp\/v2\/comments?post=20320"}],"wp:featuredmedia":[{"embeddable":true,"href":"https:\/\/caterna.de\/pl\/wp-json\/wp\/v2\/media\/20321"}],"wp:attachment":[{"href":"https:\/\/caterna.de\/pl\/wp-json\/wp\/v2\/media?parent=20320"}],"wp:term":[{"taxonomy":"product_brand","embeddable":true,"href":"https:\/\/caterna.de\/pl\/wp-json\/wp\/v2\/product_brand?post=20320"},{"taxonomy":"product_cat","embeddable":true,"href":"https:\/\/caterna.de\/pl\/wp-json\/wp\/v2\/product_cat?post=20320"},{"taxonomy":"product_tag","embeddable":true,"href":"https:\/\/caterna.de\/pl\/wp-json\/wp\/v2\/product_tag?post=20320"}],"curies":[{"name":"wp","href":"https:\/\/api.w.org\/{rel}","templated":true}]}}