{"id":20310,"date":"2019-05-02T12:44:11","date_gmt":"2019-05-02T12:44:11","guid":{"rendered":"https:\/\/caterna.de\/home-poland\/"},"modified":"2023-08-31T11:21:14","modified_gmt":"2023-08-31T09:21:14","slug":"home-poland","status":"publish","type":"page","link":"https:\/\/caterna.de\/pl\/","title":{"rendered":"Home &#8211; Poland"},"content":{"rendered":"<p><div class=\"fusion-fullwidth fullwidth-box fusion-builder-row-1 fusion-parallax-none hundred-percent-fullwidth non-hundred-percent-height-scrolling lazyload\" style=\"--awb-background-position:center bottom;--awb-border-radius-top-left:0px;--awb-border-radius-top-right:0px;--awb-border-radius-bottom-right:0px;--awb-border-radius-bottom-left:0px;--awb-padding-top:80px;--awb-padding-bottom:350px;--awb-background-size:cover;--awb-flex-wrap:wrap;\" data-bg=\"https:\/\/caterna.de\/wp-content\/uploads\/2019\/03\/Header-new-1.png\" ><div class=\"fusion-builder-row fusion-row\"><div class=\"fusion-layout-column fusion_builder_column fusion-builder-column-0 fusion_builder_column_1_1 1_1 fusion-one-full fusion-column-first fusion-column-last\" style=\"--awb-bg-size:cover;--awb-margin-bottom:0px;\"><div class=\"fusion-column-wrapper fusion-flex-column-wrapper-legacy\"><div class=\"fusion-title title fusion-title-1 fusion-sep-none fusion-title-center fusion-title-text fusion-title-size-one\" style=\"--awb-margin-top:-50px;\"><h1 class=\"fusion-title-heading title-heading-center fusion-responsive-typography-calculated\" style=\"margin:0;--fontSize:60;line-height:1.45;\"><h1 style=\"text-align: center;\">Terapia okluzyjna trwa zbyt d\u0142ugo?<\/h1>\n<h2 style=\"text-align: center;\">Obecnie istnieje mo\u017cliwo\u015b\u0107 leczenia amblyopii<br \/>\nefektywnie i w formie zabawy na komputerze!<\/h2><\/h1><\/div><div class=\"fusion-clearfix\"><\/div><\/div><\/div><\/div><\/div><div class=\"fusion-fullwidth fullwidth-box fusion-builder-row-2 nonhundred-percent-fullwidth non-hundred-percent-height-scrolling\" style=\"--awb-border-radius-top-left:0px;--awb-border-radius-top-right:0px;--awb-border-radius-bottom-right:0px;--awb-border-radius-bottom-left:0px;--awb-padding-top:25px;--awb-padding-bottom:80px;--awb-background-color:#f3f3f3;--awb-flex-wrap:wrap;\" ><div class=\"fusion-builder-row fusion-row\"><div class=\"fusion-layout-column fusion_builder_column fusion-builder-column-1 fusion_builder_column_1_1 1_1 fusion-one-full fusion-column-first fusion-column-last\" style=\"--awb-padding-top:50px;--awb-bg-size:cover;\"><div class=\"fusion-column-wrapper fusion-flex-column-wrapper-legacy\"><div class=\"fusion-text fusion-text-1\"><h3 style=\"text-align: center;\">Terapia Caterna to innowacyjne, uzupe\u0142niaj\u0105ce \u0107wiczenia dla dzieci z funkcjonalnym upo\u015bledzeniem wzroku &#8211; tzw. niedowidzeniem.<\/h3>\n<\/div><div class=\"fusion-sep-clear\"><\/div><div class=\"fusion-separator fusion-full-width-sep\" style=\"margin-left: auto;margin-right: auto;margin-top:15px;margin-bottom:25px;width:100%;\"><\/div><div class=\"fusion-sep-clear\"><\/div><div class=\"fusion-clearfix\"><\/div><\/div><\/div><div class=\"fusion-layout-column fusion_builder_column fusion-builder-column-2 fusion_builder_column_1_3 1_3 fusion-one-third fusion-column-first\" style=\"--awb-bg-size:cover;width:33.333333333333%;width:calc(33.333333333333% - ( ( 4% + 4% ) * 0.33333333333333 ) );margin-right: 4%;\"><div class=\"fusion-column-wrapper fusion-flex-column-wrapper-legacy\"><div class=\"fusion-column-content-centered\"><div class=\"fusion-column-content\"><div class=\"fusion-fa-align-center\"><i class=\"fb-icon-element-1 fb-icon-element fontawesome-icon fa-home fas circle-yes\" style=\"--awb-circlebordercolor:#009fd6;--awb-circlebordercolor-hover:#009fd6;--awb-circlebordersize:1px;--awb-font-size:40.48px;--awb-width:80.96px;--awb-height:80.96px;--awb-line-height:78.96px;--awb-margin-bottom:25px;\"><\/i><\/div><div class=\"fusion-title title fusion-title-2 fusion-sep-none fusion-title-center fusion-title-text fusion-title-size-three\" style=\"--awb-text-color:#171717;--awb-margin-top:20px;--awb-margin-bottom:50px;\"><h3 class=\"fusion-title-heading title-heading-center fusion-responsive-typography-calculated\" style=\"margin:0;--fontSize:26;line-height:1.41;\"><h3 class=\"module-feature-title\" style=\"text-align: center;\">\u0141atwo i nie wychodz\u0105c z domu<\/h3><\/h3><\/div><div class=\"fusion-text fusion-text-2\"><ul>\n<li>90 dni gra\u0107 w domu w gry komputerowe<\/li>\n<li>Nieskomplikowanie na komputerze z myszk\u0105<\/li>\n<li>\u0141atwe do zintegrownia z codziennym \u017cyciem rodzinnym<\/li>\n<\/ul>\n<\/div><\/div><\/div><div class=\"fusion-clearfix\"><\/div><\/div><\/div><div class=\"fusion-layout-column fusion_builder_column fusion-builder-column-3 fusion_builder_column_1_3 1_3 fusion-one-third\" style=\"--awb-bg-size:cover;width:33.333333333333%;width:calc(33.333333333333% - ( ( 4% + 4% ) * 0.33333333333333 ) );margin-right: 4%;\"><div class=\"fusion-column-wrapper fusion-flex-column-wrapper-legacy\"><div class=\"fusion-column-content-centered\"><div class=\"fusion-column-content\"><div class=\"fusion-fa-align-center\"><i class=\"fb-icon-element-2 fb-icon-element fontawesome-icon fa-laptop fas circle-yes\" style=\"--awb-circlebordercolor:#009fd6;--awb-circlebordercolor-hover:#009fd6;--awb-circlebordersize:1px;--awb-font-size:40.48px;--awb-width:80.96px;--awb-height:80.96px;--awb-line-height:78.96px;--awb-margin-bottom:25px;\"><\/i><\/div><div class=\"fusion-title title fusion-title-3 fusion-sep-none fusion-title-center fusion-title-text fusion-title-size-three\" style=\"--awb-text-color:#171717;--awb-margin-top:20px;--awb-margin-bottom:50px;\"><h3 class=\"fusion-title-heading title-heading-center fusion-responsive-typography-calculated\" style=\"margin:0;--fontSize:26;line-height:1.41;\"><h3 class=\"module-feature-title\" style=\"text-align: center;\">Innowacyjna<br \/>\nstymulacja<\/h3><\/h3><\/div><div class=\"fusion-text fusion-text-3\"><ul>\n<li>Specjalny falisty wz\u00f3r w tle gier internetowych<\/li>\n<li>Stymulacja po\u0142\u0105czenia m\u00f3zgu z okiem<\/li>\n<li>S\u0142absze oko b\u0119dzie \u0107wiczone<\/li>\n<\/ul>\n<\/div><\/div><\/div><div class=\"fusion-clearfix\"><\/div><\/div><\/div><div class=\"fusion-layout-column fusion_builder_column fusion-builder-column-4 fusion_builder_column_1_3 1_3 fusion-one-third fusion-column-last\" style=\"--awb-bg-size:cover;width:33.333333333333%;width:calc(33.333333333333% - ( ( 4% + 4% ) * 0.33333333333333 ) );\"><div class=\"fusion-column-wrapper fusion-flex-column-wrapper-legacy\"><div class=\"fusion-column-content-centered\"><div class=\"fusion-column-content\"><div class=\"fusion-fa-align-center\"><i class=\"fb-icon-element-3 fb-icon-element fontawesome-icon fa-file-medical fas circle-yes\" style=\"--awb-circlebordercolor:#009fd6;--awb-circlebordercolor-hover:#009fd6;--awb-circlebordersize:1px;--awb-font-size:40.48px;--awb-width:80.96px;--awb-height:80.96px;--awb-line-height:78.96px;--awb-margin-bottom:25px;\"><\/i><\/div><div class=\"fusion-title title fusion-title-4 fusion-sep-none fusion-title-center fusion-title-text fusion-title-size-three\" style=\"--awb-text-color:#171717;--awb-margin-top:20px;--awb-margin-bottom:50px;\"><h3 class=\"fusion-title-heading title-heading-center fusion-responsive-typography-calculated\" style=\"margin:0;--fontSize:26;line-height:1.41;\"><h3 class=\"module-feature-title\" style=\"text-align: center;\">Certyfikowany wyr\u00f3b medyczny<\/h3><\/h3><\/div><div class=\"fusion-text fusion-text-4\"><ul>\n<li>Na TU w Dre\u017cnie naukowo opracowana, testowana w badaniach klinicznych<\/li>\n<li>MPG- i CE- zakwalifikowany jako wyr\u00f3b medyczny<\/li>\n<\/ul>\n<\/div><\/div><\/div><div class=\"fusion-clearfix\"><\/div><\/div><\/div><div class=\"fusion-layout-column fusion_builder_column fusion-builder-column-5 fusion_builder_column_1_1 1_1 fusion-one-full fusion-column-first fusion-column-last\" style=\"--awb-padding-top:50px;--awb-padding-bottom:50px;--awb-bg-size:cover;\"><div class=\"fusion-column-wrapper fusion-flex-column-wrapper-legacy\"><div class=\"fusion-aligncenter\"><a class=\"fusion-button button-flat fusion-button-default-size button-default fusion-button-default button-1 fusion-button-default-span fusion-button-default-type\" target=\"_self\" href=\"https:\/\/caterna.de\/pl\/produkt\/terapii-caterna\/\"><span class=\"fusion-button-text awb-button__text awb-button__text--default\"> Kup Teraz<\/span><\/a><\/div><div class=\"fusion-sep-clear\"><\/div><div class=\"fusion-separator fusion-full-width-sep\" style=\"margin-left: auto;margin-right: auto;margin-top:10px;margin-bottom:10px;width:100%;\"><\/div><div class=\"fusion-sep-clear\"><\/div><div class=\"fusion-clearfix\"><\/div><\/div><\/div><\/div><\/div><div class=\"fusion-fullwidth fullwidth-box fusion-builder-row-3 hundred-percent-fullwidth non-hundred-percent-height-scrolling\" style=\"--awb-border-radius-top-left:0px;--awb-border-radius-top-right:0px;--awb-border-radius-bottom-right:0px;--awb-border-radius-bottom-left:0px;--awb-background-color:#009fd6;--awb-flex-wrap:wrap;\" ><div class=\"fusion-builder-row fusion-row\"><div class=\"fusion-layout-column fusion_builder_column fusion-builder-column-6 fusion_builder_column_1_1 1_1 fusion-one-full fusion-column-first fusion-column-last\" style=\"--awb-padding-top:40px;--awb-padding-bottom:40px;--awb-bg-color:#009fd6;--awb-bg-color-hover:#009fd6;--awb-bg-size:cover;\"><div class=\"fusion-column-wrapper fusion-flex-column-wrapper-legacy\"><div class=\"fusion-column-content-centered\"><div class=\"fusion-column-content\"><div class=\"fusion-text fusion-text-5\"><h3 style=\"color: white; text-align: center;\">Ju\u017c ponad 1.800 pacjent\u00f3w zaufa\u0142o Terapii Caterna \u2013 b\u0105d\u017a jednym z nich!<\/h3>\n<\/div><div class=\"fusion-aligncenter\"><a class=\"fusion-button button-flat fusion-button-default-size button-custom fusion-button-default button-2 fusion-button-default-span fusion-button-default-type\" style=\"--button_accent_color:#009fd6;--button_accent_hover_color:#009fd6;--button_border_hover_color:#009fd6;--button_gradient_top_color:#ffffff;--button_gradient_bottom_color:#ffffff;--button_gradient_top_color_hover:#ffffff;--button_gradient_bottom_color_hover:#ffffff;\" target=\"_self\" href=\"https:\/\/caterna.de\/pl\/produkt\/terapii-caterna\/\"><span class=\"fusion-button-text awb-button__text awb-button__text--default\"> Kup Teraz<\/span><\/a><\/div><\/div><\/div><div class=\"fusion-clearfix\"><\/div><\/div><\/div><\/div><\/div><div class=\"fusion-fullwidth fullwidth-box fusion-builder-row-4 nonhundred-percent-fullwidth non-hundred-percent-height-scrolling\" style=\"--awb-border-radius-top-left:0px;--awb-border-radius-top-right:0px;--awb-border-radius-bottom-right:0px;--awb-border-radius-bottom-left:0px;--awb-padding-top:80px;--awb-padding-bottom:80px;--awb-margin-top:0px;--awb-background-color:#f3f3f3;--awb-flex-wrap:wrap;\" ><div class=\"fusion-builder-row fusion-row\"><div class=\"fusion-layout-column fusion_builder_column fusion-builder-column-7 fusion_builder_column_1_1 1_1 fusion-one-full fusion-column-first fusion-column-last\" style=\"--awb-bg-size:cover;\"><div class=\"fusion-column-wrapper fusion-flex-column-wrapper-legacy\"><div class=\"fusion-title title fusion-title-5 fusion-sep-none fusion-title-center fusion-title-text fusion-title-size-one\"><h1 class=\"fusion-title-heading title-heading-center fusion-responsive-typography-calculated\" style=\"margin:0;--fontSize:60;line-height:1.45;\"><h1 style=\"text-align: center;\">Video Obja\u015bniaj\u0105ce<\/h1><\/h1><\/div><video poster=\"..\/wp-content\/uploads\/2020\/12\/777851922.jpg\" controls style=\"max-width:100%;margin:auto;display:block\">\n<source type=\"video\/mp4\" src=\"..\/wp-content\/uploads\/2020\/12\/Caterna-Sehschulung.mp4\" title=\"explainer clip\">\n<\/video><div class=\"fusion-sep-clear\"><\/div><div class=\"fusion-separator fusion-full-width-sep\" style=\"margin-left: auto;margin-right: auto;margin-top:20px;margin-bottom:75px;width:100%;\"><\/div><div class=\"fusion-sep-clear\"><\/div><div class=\"fusion-aligncenter\"><a class=\"fusion-button button-flat fusion-button-default-size button-custom fusion-button-default button-3 fusion-button-default-span fusion-button-default-type\" style=\"--button_accent_color:#ffffff;--button_accent_hover_color:#ffffff;--button_border_hover_color:#ffffff;--button_gradient_top_color:#f1993a;--button_gradient_bottom_color:#f1993a;--button_gradient_top_color_hover:#f1993a;--button_gradient_bottom_color_hover:#f1993a;\" target=\"_self\" href=\"https:\/\/caterna.de\/pl\/produkt\/terapii-caterna\/\"><span class=\"fusion-button-text awb-button__text awb-button__text--default\">KUP TERAZ<\/span><\/a><\/div><div class=\"fusion-sep-clear\"><\/div><div class=\"fusion-separator fusion-full-width-sep\" style=\"margin-left: auto;margin-right: auto;margin-top:10px;margin-bottom:10px;width:100%;\"><\/div><div class=\"fusion-sep-clear\"><\/div><div class=\"fusion-clearfix\"><\/div><\/div><\/div><\/div><\/div><\/p>\n","protected":false},"excerpt":{"rendered":"","protected":false},"author":9,"featured_media":0,"parent":0,"menu_order":0,"comment_status":"closed","ping_status":"closed","template":"100-width.php","meta":{"footnotes":""},"class_list":["post-20310","page","type-page","status-publish","hentry"],"yoast_head":"<!-- This site is optimized with the Yoast SEO plugin v27.3 - https:\/\/yoast.com\/product\/yoast-seo-wordpress\/ -->\n<title>Home - Poland - Caterna Vision<\/title>\n<meta name=\"robots\" content=\"index, follow, max-snippet:-1, max-image-preview:large, max-video-preview:-1\" \/>\n<link rel=\"canonical\" href=\"https:\/\/caterna.de\/pl\/\" \/>\n<meta property=\"og:locale\" content=\"pl_PL\" \/>\n<meta property=\"og:type\" content=\"article\" \/>\n<meta property=\"og:title\" content=\"Home - Poland - Caterna Vision\" \/>\n<meta property=\"og:url\" content=\"https:\/\/caterna.de\/pl\/\" \/>\n<meta property=\"og:site_name\" content=\"Caterna Vision\" \/>\n<meta property=\"article:publisher\" content=\"https:\/\/www.facebook.com\/Caterna.Vision\/\" \/>\n<meta property=\"article:modified_time\" content=\"2023-08-31T09:21:14+00:00\" \/>\n<meta name=\"twitter:card\" content=\"summary_large_image\" \/>\n<meta name=\"twitter:site\" content=\"@caternavision\" \/>\n<meta name=\"twitter:label1\" content=\"Szacowany czas czytania\" \/>\n\t<meta name=\"twitter:data1\" content=\"10 minut\" \/>\n<script type=\"application\/ld+json\" class=\"yoast-schema-graph\">{\"@context\":\"https:\\\/\\\/schema.org\",\"@graph\":[{\"@type\":\"WebPage\",\"@id\":\"https:\\\/\\\/caterna.de\\\/pl\\\/\",\"url\":\"https:\\\/\\\/caterna.de\\\/pl\\\/\",\"name\":\"Home - Poland - Caterna Vision\",\"isPartOf\":{\"@id\":\"https:\\\/\\\/caterna.de\\\/#website\"},\"datePublished\":\"2019-05-02T12:44:11+00:00\",\"dateModified\":\"2023-08-31T09:21:14+00:00\",\"breadcrumb\":{\"@id\":\"https:\\\/\\\/caterna.de\\\/pl\\\/#breadcrumb\"},\"inLanguage\":\"pl-PL\",\"potentialAction\":[{\"@type\":\"ReadAction\",\"target\":[\"https:\\\/\\\/caterna.de\\\/pl\\\/\"]}]},{\"@type\":\"BreadcrumbList\",\"@id\":\"https:\\\/\\\/caterna.de\\\/pl\\\/#breadcrumb\",\"itemListElement\":[{\"@type\":\"ListItem\",\"position\":1,\"name\":\"Home\",\"item\":\"https:\\\/\\\/caterna.de\\\/pl\\\/\"},{\"@type\":\"ListItem\",\"position\":2,\"name\":\"Home &#8211; Poland\"}]},{\"@type\":\"WebSite\",\"@id\":\"https:\\\/\\\/caterna.de\\\/#website\",\"url\":\"https:\\\/\\\/caterna.de\\\/\",\"name\":\"Caterna Vision\",\"description\":\"Die Online-Therapie f\u00fcr Amblyopie\",\"publisher\":{\"@id\":\"https:\\\/\\\/caterna.de\\\/#organization\"},\"potentialAction\":[{\"@type\":\"SearchAction\",\"target\":{\"@type\":\"EntryPoint\",\"urlTemplate\":\"https:\\\/\\\/caterna.de\\\/?s={search_term_string}\"},\"query-input\":{\"@type\":\"PropertyValueSpecification\",\"valueRequired\":true,\"valueName\":\"search_term_string\"}}],\"inLanguage\":\"pl-PL\"},{\"@type\":\"Organization\",\"@id\":\"https:\\\/\\\/caterna.de\\\/#organization\",\"name\":\"Caterna Vision\",\"url\":\"https:\\\/\\\/caterna.de\\\/\",\"logo\":{\"@type\":\"ImageObject\",\"inLanguage\":\"pl-PL\",\"@id\":\"https:\\\/\\\/caterna.de\\\/#\\\/schema\\\/logo\\\/image\\\/\",\"url\":\"https:\\\/\\\/caterna.de\\\/wp-content\\\/uploads\\\/2019\\\/02\\\/caterna_favicon.png\",\"contentUrl\":\"https:\\\/\\\/caterna.de\\\/wp-content\\\/uploads\\\/2019\\\/02\\\/caterna_favicon.png\",\"width\":50,\"height\":45,\"caption\":\"Caterna Vision\"},\"image\":{\"@id\":\"https:\\\/\\\/caterna.de\\\/#\\\/schema\\\/logo\\\/image\\\/\"},\"sameAs\":[\"https:\\\/\\\/www.facebook.com\\\/Caterna.Vision\\\/\",\"https:\\\/\\\/x.com\\\/caternavision\"]}]}<\/script>\n<!-- \/ Yoast SEO plugin. -->","yoast_head_json":{"title":"Home - Poland - Caterna Vision","robots":{"index":"index","follow":"follow","max-snippet":"max-snippet:-1","max-image-preview":"max-image-preview:large","max-video-preview":"max-video-preview:-1"},"canonical":"https:\/\/caterna.de\/pl\/","og_locale":"pl_PL","og_type":"article","og_title":"Home - Poland - Caterna Vision","og_url":"https:\/\/caterna.de\/pl\/","og_site_name":"Caterna Vision","article_publisher":"https:\/\/www.facebook.com\/Caterna.Vision\/","article_modified_time":"2023-08-31T09:21:14+00:00","twitter_card":"summary_large_image","twitter_site":"@caternavision","twitter_misc":{"Szacowany czas czytania":"10 minut"},"schema":{"@context":"https:\/\/schema.org","@graph":[{"@type":"WebPage","@id":"https:\/\/caterna.de\/pl\/","url":"https:\/\/caterna.de\/pl\/","name":"Home - Poland - Caterna Vision","isPartOf":{"@id":"https:\/\/caterna.de\/#website"},"datePublished":"2019-05-02T12:44:11+00:00","dateModified":"2023-08-31T09:21:14+00:00","breadcrumb":{"@id":"https:\/\/caterna.de\/pl\/#breadcrumb"},"inLanguage":"pl-PL","potentialAction":[{"@type":"ReadAction","target":["https:\/\/caterna.de\/pl\/"]}]},{"@type":"BreadcrumbList","@id":"https:\/\/caterna.de\/pl\/#breadcrumb","itemListElement":[{"@type":"ListItem","position":1,"name":"Home","item":"https:\/\/caterna.de\/pl\/"},{"@type":"ListItem","position":2,"name":"Home &#8211; Poland"}]},{"@type":"WebSite","@id":"https:\/\/caterna.de\/#website","url":"https:\/\/caterna.de\/","name":"Caterna Vision","description":"Die Online-Therapie f\u00fcr Amblyopie","publisher":{"@id":"https:\/\/caterna.de\/#organization"},"potentialAction":[{"@type":"SearchAction","target":{"@type":"EntryPoint","urlTemplate":"https:\/\/caterna.de\/?s={search_term_string}"},"query-input":{"@type":"PropertyValueSpecification","valueRequired":true,"valueName":"search_term_string"}}],"inLanguage":"pl-PL"},{"@type":"Organization","@id":"https:\/\/caterna.de\/#organization","name":"Caterna Vision","url":"https:\/\/caterna.de\/","logo":{"@type":"ImageObject","inLanguage":"pl-PL","@id":"https:\/\/caterna.de\/#\/schema\/logo\/image\/","url":"https:\/\/caterna.de\/wp-content\/uploads\/2019\/02\/caterna_favicon.png","contentUrl":"https:\/\/caterna.de\/wp-content\/uploads\/2019\/02\/caterna_favicon.png","width":50,"height":45,"caption":"Caterna Vision"},"image":{"@id":"https:\/\/caterna.de\/#\/schema\/logo\/image\/"},"sameAs":["https:\/\/www.facebook.com\/Caterna.Vision\/","https:\/\/x.com\/caternavision"]}]}},"_links":{"self":[{"href":"https:\/\/caterna.de\/pl\/wp-json\/wp\/v2\/pages\/20310","targetHints":{"allow":["GET"]}}],"collection":[{"href":"https:\/\/caterna.de\/pl\/wp-json\/wp\/v2\/pages"}],"about":[{"href":"https:\/\/caterna.de\/pl\/wp-json\/wp\/v2\/types\/page"}],"author":[{"embeddable":true,"href":"https:\/\/caterna.de\/pl\/wp-json\/wp\/v2\/users\/9"}],"replies":[{"embeddable":true,"href":"https:\/\/caterna.de\/pl\/wp-json\/wp\/v2\/comments?post=20310"}],"version-history":[{"count":13,"href":"https:\/\/caterna.de\/pl\/wp-json\/wp\/v2\/pages\/20310\/revisions"}],"predecessor-version":[{"id":23008,"href":"https:\/\/caterna.de\/pl\/wp-json\/wp\/v2\/pages\/20310\/revisions\/23008"}],"wp:attachment":[{"href":"https:\/\/caterna.de\/pl\/wp-json\/wp\/v2\/media?parent=20310"}],"curies":[{"name":"wp","href":"https:\/\/api.w.org\/{rel}","templated":true}]}}