{"id":20442,"date":"2019-02-27T14:39:21","date_gmt":"2019-02-27T14:39:21","guid":{"rendered":"https:\/\/caterna.de\/product\/terapia-caterna\/"},"modified":"2024-12-04T11:39:08","modified_gmt":"2024-12-04T10:39:08","slug":"terapia-caterna","status":"publish","type":"product","link":"https:\/\/caterna.de\/es\/producto\/terapia-caterna\/","title":{"rendered":"Terapia de Caterna"},"content":{"rendered":"","protected":false},"excerpt":{"rendered":"<p>El tratamiento optom\u00e9trico de Caterna es un producto para ni\u00f1os y adultos con ambliopia.<\/p>\n<p>Una esquem\u00e1tica de onda especial en el fondo de los juegos estimula el cerebro para que active el ojo vago de nuevo. As\u00ed la vista del ojo perezoso se mejorar\u00e1 durante una terapia de 90 dias. Se requiere una terapia diaria de entre 30 y 45 minutos. Los emocionantes videojuegos de Caterna se juegan en el ordenador en casa durante el tiempo de la oclusi\u00f3n. Se puede eligir entre 9 juegos diferentes con niveles de dificultad distintos.<\/p>\n[fusion_checklist icon=\"ok\" iconcolor=\"#aaaaaa\" circle=\"no\"]<\/p>\n<ul>\n<li>Terapia online de 90 dias<\/li>\n<li>Producto m\u00e9dico<\/li>\n<li>Diversi\u00f3n durante el tratamiento de la ambliop\u00eda<\/li>\n<\/ul>\n<p>[\/fusion_checklist]\n","protected":false},"featured_media":20443,"comment_status":"closed","ping_status":"closed","template":"","meta":[],"product_brand":[],"product_cat":[126],"product_tag":[],"class_list":{"0":"post-20442","1":"product","2":"type-product","3":"status-publish","4":"has-post-thumbnail","6":"product_cat-online-vision-therapy-es","8":"first","9":"instock","10":"virtual","11":"sold-individually","12":"taxable","13":"purchasable","14":"product-type-simple"},"yoast_head":"<!-- This site is optimized with the Yoast SEO plugin v27.0 - https:\/\/yoast.com\/product\/yoast-seo-wordpress\/ -->\n<title>Terapia de Caterna - Caterna Vision<\/title>\n<meta name=\"robots\" content=\"index, follow, max-snippet:-1, max-image-preview:large, max-video-preview:-1\" \/>\n<link rel=\"canonical\" href=\"https:\/\/caterna.de\/es\/producto\/terapia-caterna\/\" \/>\n<meta property=\"og:locale\" content=\"es_ES\" \/>\n<meta property=\"og:type\" content=\"article\" \/>\n<meta property=\"og:title\" content=\"Terapia de Caterna - Caterna Vision\" \/>\n<meta property=\"og:description\" content=\"El tratamiento optom\u00e9trico de Caterna es un producto para ni\u00f1os y adultos con ambliopia. Una esquem\u00e1tica de onda especial en el fondo de los juegos estimula el cerebro para que active el ojo vago de nuevo. As\u00ed la vista del ojo perezoso se mejorar\u00e1 durante una terapia de 90 dias. Se requiere una terapia diaria de entre 30 y 45 minutos. Los emocionantes videojuegos de Caterna se juegan en el ordenador en casa durante el tiempo de la oclusi\u00f3n. Se puede eligir entre 9 juegos diferentes con niveles de dificultad distintos.\" \/>\n<meta property=\"og:url\" content=\"https:\/\/caterna.de\/es\/producto\/terapia-caterna\/\" \/>\n<meta property=\"og:site_name\" content=\"Caterna Vision\" \/>\n<meta property=\"article:publisher\" content=\"https:\/\/www.facebook.com\/Caterna.Vision\/\" \/>\n<meta property=\"article:modified_time\" content=\"2024-12-04T10:39:08+00:00\" \/>\n<meta property=\"og:image\" content=\"https:\/\/caterna.de\/wp-content\/uploads\/2019\/03\/blondes-M\u00e4dchen-am-PC-ohne-SChatten.png\" \/>\n\t<meta property=\"og:image:width\" content=\"1155\" \/>\n\t<meta property=\"og:image:height\" content=\"1020\" \/>\n\t<meta property=\"og:image:type\" content=\"image\/png\" \/>\n<meta name=\"twitter:card\" content=\"summary_large_image\" \/>\n<meta name=\"twitter:site\" content=\"@caternavision\" \/>\n<script type=\"application\/ld+json\" class=\"yoast-schema-graph\">{\"@context\":\"https:\/\/schema.org\",\"@graph\":[{\"@type\":\"WebPage\",\"@id\":\"https:\/\/caterna.de\/es\/producto\/terapia-caterna\/\",\"url\":\"https:\/\/caterna.de\/es\/producto\/terapia-caterna\/\",\"name\":\"Terapia de Caterna - Caterna Vision\",\"isPartOf\":{\"@id\":\"https:\/\/caterna.de\/#website\"},\"primaryImageOfPage\":{\"@id\":\"https:\/\/caterna.de\/es\/producto\/terapia-caterna\/#primaryimage\"},\"image\":{\"@id\":\"https:\/\/caterna.de\/es\/producto\/terapia-caterna\/#primaryimage\"},\"thumbnailUrl\":\"https:\/\/caterna.de\/wp-content\/uploads\/2019\/03\/blondes-M\u00e4dchen-am-PC-ohne-SChatten.png\",\"datePublished\":\"2019-02-27T14:39:21+00:00\",\"dateModified\":\"2024-12-04T10:39:08+00:00\",\"breadcrumb\":{\"@id\":\"https:\/\/caterna.de\/es\/producto\/terapia-caterna\/#breadcrumb\"},\"inLanguage\":\"es\",\"potentialAction\":[{\"@type\":\"ReadAction\",\"target\":[\"https:\/\/caterna.de\/es\/producto\/terapia-caterna\/\"]}]},{\"@type\":\"ImageObject\",\"inLanguage\":\"es\",\"@id\":\"https:\/\/caterna.de\/es\/producto\/terapia-caterna\/#primaryimage\",\"url\":\"https:\/\/caterna.de\/wp-content\/uploads\/2019\/03\/blondes-M\u00e4dchen-am-PC-ohne-SChatten.png\",\"contentUrl\":\"https:\/\/caterna.de\/wp-content\/uploads\/2019\/03\/blondes-M\u00e4dchen-am-PC-ohne-SChatten.png\",\"width\":1155,\"height\":1020},{\"@type\":\"BreadcrumbList\",\"@id\":\"https:\/\/caterna.de\/es\/producto\/terapia-caterna\/#breadcrumb\",\"itemListElement\":[{\"@type\":\"ListItem\",\"position\":1,\"name\":\"Home\",\"item\":\"https:\/\/caterna.de\/es\/home-spain\/\"},{\"@type\":\"ListItem\",\"position\":2,\"name\":\"Shop\",\"item\":\"https:\/\/caterna.de\/es\/shop\/\"},{\"@type\":\"ListItem\",\"position\":3,\"name\":\"Terapia de Caterna\"}]},{\"@type\":\"WebSite\",\"@id\":\"https:\/\/caterna.de\/#website\",\"url\":\"https:\/\/caterna.de\/\",\"name\":\"Caterna Vision\",\"description\":\"Die Online-Therapie f\u00fcr Amblyopie\",\"publisher\":{\"@id\":\"https:\/\/caterna.de\/#organization\"},\"potentialAction\":[{\"@type\":\"SearchAction\",\"target\":{\"@type\":\"EntryPoint\",\"urlTemplate\":\"https:\/\/caterna.de\/?s={search_term_string}\"},\"query-input\":{\"@type\":\"PropertyValueSpecification\",\"valueRequired\":true,\"valueName\":\"search_term_string\"}}],\"inLanguage\":\"es\"},{\"@type\":\"Organization\",\"@id\":\"https:\/\/caterna.de\/#organization\",\"name\":\"Caterna Vision\",\"url\":\"https:\/\/caterna.de\/\",\"logo\":{\"@type\":\"ImageObject\",\"inLanguage\":\"es\",\"@id\":\"https:\/\/caterna.de\/#\/schema\/logo\/image\/\",\"url\":\"https:\/\/caterna.de\/wp-content\/uploads\/2019\/02\/caterna_favicon.png\",\"contentUrl\":\"https:\/\/caterna.de\/wp-content\/uploads\/2019\/02\/caterna_favicon.png\",\"width\":50,\"height\":45,\"caption\":\"Caterna Vision\"},\"image\":{\"@id\":\"https:\/\/caterna.de\/#\/schema\/logo\/image\/\"},\"sameAs\":[\"https:\/\/www.facebook.com\/Caterna.Vision\/\",\"https:\/\/x.com\/caternavision\"]}]}<\/script>\n<!-- \/ Yoast SEO plugin. -->","yoast_head_json":{"title":"Terapia de Caterna - Caterna Vision","robots":{"index":"index","follow":"follow","max-snippet":"max-snippet:-1","max-image-preview":"max-image-preview:large","max-video-preview":"max-video-preview:-1"},"canonical":"https:\/\/caterna.de\/es\/producto\/terapia-caterna\/","og_locale":"es_ES","og_type":"article","og_title":"Terapia de Caterna - Caterna Vision","og_description":"El tratamiento optom\u00e9trico de Caterna es un producto para ni\u00f1os y adultos con ambliopia. Una esquem\u00e1tica de onda especial en el fondo de los juegos estimula el cerebro para que active el ojo vago de nuevo. As\u00ed la vista del ojo perezoso se mejorar\u00e1 durante una terapia de 90 dias. Se requiere una terapia diaria de entre 30 y 45 minutos. Los emocionantes videojuegos de Caterna se juegan en el ordenador en casa durante el tiempo de la oclusi\u00f3n. Se puede eligir entre 9 juegos diferentes con niveles de dificultad distintos.","og_url":"https:\/\/caterna.de\/es\/producto\/terapia-caterna\/","og_site_name":"Caterna Vision","article_publisher":"https:\/\/www.facebook.com\/Caterna.Vision\/","article_modified_time":"2024-12-04T10:39:08+00:00","og_image":[{"width":1155,"height":1020,"url":"https:\/\/caterna.de\/wp-content\/uploads\/2019\/03\/blondes-M\u00e4dchen-am-PC-ohne-SChatten.png","type":"image\/png"}],"twitter_card":"summary_large_image","twitter_site":"@caternavision","schema":{"@context":"https:\/\/schema.org","@graph":[{"@type":"WebPage","@id":"https:\/\/caterna.de\/es\/producto\/terapia-caterna\/","url":"https:\/\/caterna.de\/es\/producto\/terapia-caterna\/","name":"Terapia de Caterna - Caterna Vision","isPartOf":{"@id":"https:\/\/caterna.de\/#website"},"primaryImageOfPage":{"@id":"https:\/\/caterna.de\/es\/producto\/terapia-caterna\/#primaryimage"},"image":{"@id":"https:\/\/caterna.de\/es\/producto\/terapia-caterna\/#primaryimage"},"thumbnailUrl":"https:\/\/caterna.de\/wp-content\/uploads\/2019\/03\/blondes-M\u00e4dchen-am-PC-ohne-SChatten.png","datePublished":"2019-02-27T14:39:21+00:00","dateModified":"2024-12-04T10:39:08+00:00","breadcrumb":{"@id":"https:\/\/caterna.de\/es\/producto\/terapia-caterna\/#breadcrumb"},"inLanguage":"es","potentialAction":[{"@type":"ReadAction","target":["https:\/\/caterna.de\/es\/producto\/terapia-caterna\/"]}]},{"@type":"ImageObject","inLanguage":"es","@id":"https:\/\/caterna.de\/es\/producto\/terapia-caterna\/#primaryimage","url":"https:\/\/caterna.de\/wp-content\/uploads\/2019\/03\/blondes-M\u00e4dchen-am-PC-ohne-SChatten.png","contentUrl":"https:\/\/caterna.de\/wp-content\/uploads\/2019\/03\/blondes-M\u00e4dchen-am-PC-ohne-SChatten.png","width":1155,"height":1020},{"@type":"BreadcrumbList","@id":"https:\/\/caterna.de\/es\/producto\/terapia-caterna\/#breadcrumb","itemListElement":[{"@type":"ListItem","position":1,"name":"Home","item":"https:\/\/caterna.de\/es\/home-spain\/"},{"@type":"ListItem","position":2,"name":"Shop","item":"https:\/\/caterna.de\/es\/shop\/"},{"@type":"ListItem","position":3,"name":"Terapia de Caterna"}]},{"@type":"WebSite","@id":"https:\/\/caterna.de\/#website","url":"https:\/\/caterna.de\/","name":"Caterna Vision","description":"Die Online-Therapie f\u00fcr Amblyopie","publisher":{"@id":"https:\/\/caterna.de\/#organization"},"potentialAction":[{"@type":"SearchAction","target":{"@type":"EntryPoint","urlTemplate":"https:\/\/caterna.de\/?s={search_term_string}"},"query-input":{"@type":"PropertyValueSpecification","valueRequired":true,"valueName":"search_term_string"}}],"inLanguage":"es"},{"@type":"Organization","@id":"https:\/\/caterna.de\/#organization","name":"Caterna Vision","url":"https:\/\/caterna.de\/","logo":{"@type":"ImageObject","inLanguage":"es","@id":"https:\/\/caterna.de\/#\/schema\/logo\/image\/","url":"https:\/\/caterna.de\/wp-content\/uploads\/2019\/02\/caterna_favicon.png","contentUrl":"https:\/\/caterna.de\/wp-content\/uploads\/2019\/02\/caterna_favicon.png","width":50,"height":45,"caption":"Caterna Vision"},"image":{"@id":"https:\/\/caterna.de\/#\/schema\/logo\/image\/"},"sameAs":["https:\/\/www.facebook.com\/Caterna.Vision\/","https:\/\/x.com\/caternavision"]}]}},"_links":{"self":[{"href":"https:\/\/caterna.de\/es\/wp-json\/wp\/v2\/product\/20442","targetHints":{"allow":["GET"]}}],"collection":[{"href":"https:\/\/caterna.de\/es\/wp-json\/wp\/v2\/product"}],"about":[{"href":"https:\/\/caterna.de\/es\/wp-json\/wp\/v2\/types\/product"}],"replies":[{"embeddable":true,"href":"https:\/\/caterna.de\/es\/wp-json\/wp\/v2\/comments?post=20442"}],"wp:featuredmedia":[{"embeddable":true,"href":"https:\/\/caterna.de\/es\/wp-json\/wp\/v2\/media\/20443"}],"wp:attachment":[{"href":"https:\/\/caterna.de\/es\/wp-json\/wp\/v2\/media?parent=20442"}],"wp:term":[{"taxonomy":"product_brand","embeddable":true,"href":"https:\/\/caterna.de\/es\/wp-json\/wp\/v2\/product_brand?post=20442"},{"taxonomy":"product_cat","embeddable":true,"href":"https:\/\/caterna.de\/es\/wp-json\/wp\/v2\/product_cat?post=20442"},{"taxonomy":"product_tag","embeddable":true,"href":"https:\/\/caterna.de\/es\/wp-json\/wp\/v2\/product_tag?post=20442"}],"curies":[{"name":"wp","href":"https:\/\/api.w.org\/{rel}","templated":true}]}}